{"id":292,"date":"2025-07-01T07:49:31","date_gmt":"2025-07-01T07:49:31","guid":{"rendered":"https:\/\/merchanstudio.com\/index.php\/about\/"},"modified":"2025-08-01T09:18:57","modified_gmt":"2025-08-01T09:18:57","slug":"about","status":"publish","type":"page","link":"https:\/\/merchanstudio.com\/en\/about\/","title":{"rendered":"About"},"content":{"rendered":"<div class=\"wp-block-uagb-container uagb-block-1e5d1737 alignfull uagb-is-root-container\"><div class=\"uagb-container-inner-blocks-wrap\">\n<div class=\"wp-block-uagb-advanced-heading uagb-block-fefbb553\"><p class=\"uagb-desc-text\">Descubre<\/p><h1 class=\"uagb-heading-text\">Qui\u00e9nes somos y qu\u00e9 hacemos en Merchan Studio<\/h1><\/div>\n<\/div><\/div>\n\n\n\n<div class=\"wp-block-uagb-container uagb-block-da6f24cd alignfull uagb-is-root-container\"><div class=\"uagb-container-inner-blocks-wrap\">\n<div class=\"wp-block-uagb-advanced-heading uagb-block-c8330bd6\"><p class=\"uagb-desc-text\">Acerca de nosotros<\/p><h2 class=\"uagb-heading-text\">Especialistas en merchandising y regalos promocionales<\/h2><\/div>\n\n\n\n<div class=\"wp-block-uagb-container uagb-block-29c74af9\">\n<div class=\"wp-block-uagb-advanced-heading uagb-block-23c95072\"><h3 class=\"uagb-heading-text\">Nuestros valores y compromiso con el cliente<\/h3><\/div>\n\n\n\n<div class=\"wp-block-uagb-advanced-heading uagb-block-af8e0f11\"><p class=\"uagb-heading-text\">En Merchan Studio, hemos ayudado a empresas a potenciar su visibilidad gracias a art\u00edculos personalizados, logrando resultados impactantes en eventos y campa\u00f1as marketing.<br><br>Nuestra experiencia en el sector del merchandising y los regalos promocionales nos permite ofrecer un servicio adaptado a las necesidades de cada cliente. Nos enfocamos en ofrecer un trato cercano y asesoramiento profesional para garantizar la m\u00e1xima satisfacci\u00f3n.<br><\/p><p class=\"uagb-desc-text\">Tu aliado ideal para el merchandising personalizado.<\/p><\/div>\n<\/div>\n\n\n\n<div class=\"wp-block-uagb-container uagb-block-5e699a60\">\n<div class=\"wp-block-uagb-image uagb-block-5ef8454e wp-block-uagb-image--layout-default wp-block-uagb-image--effect-static wp-block-uagb-image--align-none\"><figure class=\"wp-block-uagb-image__figure\"><img decoding=\"async\" srcset=\"https:\/\/merchanstudio.com\/wp-content\/uploads\/2025\/08\/21-300x240.jpg ,https:\/\/merchanstudio.com\/wp-content\/uploads\/2025\/08\/21.jpg 780w, https:\/\/merchanstudio.com\/wp-content\/uploads\/2025\/08\/21.jpg 360w\" sizes=\"auto, (max-width: 480px) 150px\" src=\"https:\/\/merchanstudio.com\/wp-content\/uploads\/2025\/08\/21-300x240.jpg\" alt=\"\" class=\"uag-image-1171\" width=\"300\" height=\"240\" title=\"21\" loading=\"lazy\" role=\"img\"\/><\/figure><\/div>\n\n\n\n<div class=\"wp-block-uagb-image uagb-block-e9620e16 wp-block-uagb-image--layout-default wp-block-uagb-image--effect-static wp-block-uagb-image--align-none\"><figure class=\"wp-block-uagb-image__figure\"><img decoding=\"async\" srcset=\"https:\/\/merchanstudio.com\/wp-content\/uploads\/2025\/08\/22-155x300.jpg ,https:\/\/merchanstudio.com\/wp-content\/uploads\/2025\/08\/22.jpg 780w, https:\/\/merchanstudio.com\/wp-content\/uploads\/2025\/08\/22.jpg 360w\" sizes=\"auto, (max-width: 480px) 150px\" src=\"https:\/\/merchanstudio.com\/wp-content\/uploads\/2025\/08\/22-155x300.jpg\" alt=\"\" class=\"uag-image-1173\" width=\"155\" height=\"300\" title=\"22\" loading=\"lazy\" role=\"img\"\/><\/figure><\/div>\n\n\n\n<div class=\"wp-block-uagb-image uagb-block-65c00496 wp-block-uagb-image--layout-default wp-block-uagb-image--effect-static wp-block-uagb-image--align-none\"><figure class=\"wp-block-uagb-image__figure\"><img decoding=\"async\" srcset=\"https:\/\/merchanstudio.com\/wp-content\/uploads\/2025\/08\/23-153x300.jpg ,https:\/\/merchanstudio.com\/wp-content\/uploads\/2025\/08\/23.jpg 780w, https:\/\/merchanstudio.com\/wp-content\/uploads\/2025\/08\/23.jpg 360w\" sizes=\"auto, (max-width: 480px) 150px\" src=\"https:\/\/merchanstudio.com\/wp-content\/uploads\/2025\/08\/23-153x300.jpg\" alt=\"\" class=\"uag-image-1174\" width=\"153\" height=\"300\" title=\"23\" loading=\"lazy\" role=\"img\"\/><\/figure><\/div>\n<\/div>\n<\/div><\/div>\n\n\n\n<div class=\"wp-block-uagb-container uagb-block-4062d932 alignfull uagb-is-root-container\"><div class=\"uagb-container-inner-blocks-wrap\">\n<div class=\"wp-block-uagb-container uagb-block-58485396\">\n<div class=\"wp-block-uagb-info-box uagb-block-264f90e0 uagb-infobox__content-wrap  uagb-infobox-icon-above-title uagb-infobox-image-valign-top\"><div class=\"uagb-ifb-content\"><div class=\"uagb-ifb-title-wrap\"><p class=\"uagb-ifb-title-prefix\">Nuestra historia<\/p><h2 class=\"uagb-ifb-title\">Un viaje hacia la excelencia en merchandising<\/h2><\/div><p class=\"uagb-ifb-desc\">Fundamos Merchan Studio con la pasi\u00f3n de transformar ideas en productos memorables. Desde nuestros inicios, hemos trabajado con empresas de diversos sectores, ayud\u00e1ndoles a crear recuerdos inolvidables a trav\u00e9s de regalos personalizados y soluciones creativas.<br><br>A lo largo de los a\u00f1os, hemos evolucionado, adapt\u00e1ndonos a las demandas del mercado y siempre buscando la innovaci\u00f3n en nuestros servicios.<\/p><\/div><\/div>\n<\/div>\n\n\n\n<div class=\"wp-block-uagb-container uagb-block-188bf86b\">\n<div class=\"wp-block-uagb-image alignleft uagb-block-abfb380d wp-block-uagb-image--layout-default wp-block-uagb-image--effect-static wp-block-uagb-image--align-left\"><figure class=\"wp-block-uagb-image__figure\"><img decoding=\"async\" srcset=\"https:\/\/merchanstudio.com\/wp-content\/uploads\/2025\/07\/pexels-photo-7319294.jpeg ,https:\/\/merchanstudio.com\/wp-content\/uploads\/2025\/07\/pexels-photo-7319294.jpeg 780w, https:\/\/merchanstudio.com\/wp-content\/uploads\/2025\/07\/pexels-photo-7319294.jpeg 360w\" sizes=\"auto, (max-width: 480px) 150px\" src=\"https:\/\/merchanstudio.com\/wp-content\/uploads\/2025\/07\/pexels-photo-7319294.jpeg\" alt=\"\" class=\"uag-image-13\" width=\"200\" height=\"200\" title=\"our-story-01\" loading=\"lazy\" role=\"img\"\/><\/figure><\/div>\n<\/div>\n<\/div><\/div>\n\n\n\n<div class=\"wp-block-uagb-container uagb-block-06d9ef36 alignfull uagb-is-root-container\"><div class=\"uagb-container-inner-blocks-wrap\">\n<div class=\"wp-block-uagb-advanced-heading uagb-block-6729a899\"><p class=\"uagb-desc-text\">Nuestra misi\u00f3n y visi\u00f3n<\/p><h2 class=\"uagb-heading-text\">Comprometidos con la calidad y el servicio<\/h2><\/div>\n\n\n\n<div class=\"wp-block-uagb-container uagb-block-6b106e3b\"><\/div>\n\n\n\n<div class=\"wp-block-uagb-container uagb-block-096ff3fd\">\n<div class=\"wp-block-uagb-advanced-heading uagb-block-975cf9dc\"><h3 class=\"uagb-heading-text\">Nuestra misi\u00f3n<\/h3><p class=\"uagb-desc-text\">En Merchan Studio, nuestra misi\u00f3n es proporcionar a nuestros clientes soluciones de merchandising personalizadas que a\u00f1adan valor a su marca, destac\u00e1ndose por su calidad y dise\u00f1o innovador, siempre con un enfoque en la satisfacci\u00f3n del cliente.<\/p><div class=\"uagb-separator\"><\/div><\/div>\n\n\n\n<div class=\"wp-block-uagb-advanced-heading uagb-block-2a2e3b20\"><h3 class=\"uagb-heading-text\">Nuestra visi\u00f3n<\/h3><p class=\"uagb-desc-text\">Nuestra visi\u00f3n es ser la referencia en el \u00e1mbito del merchandising y los regalos promocionales, reconocidos por nuestra capacidad de innovar y adaptarnos, contribuyendo al \u00e9xito y crecimiento de nuestros clientes en cada proyecto.<\/p><\/div>\n<\/div>\n<\/div><\/div>\n\n\n\n<div class=\"wp-block-uagb-container uagb-block-2e144a4a alignfull uagb-is-root-container\"><div class=\"uagb-container-inner-blocks-wrap\">\n<div class=\"wp-block-uagb-info-box uagb-block-d62177b8 uagb-infobox__content-wrap  uagb-infobox-icon-above-title uagb-infobox-image-valign-top\"><div class=\"uagb-ifb-content\"><div class=\"uagb-ifb-title-wrap\"><p class=\"uagb-ifb-title-prefix\">No esperes m\u00e1s<\/p><h2 class=\"uagb-ifb-title\">Cont\u00e1ctanos para tu pr\u00f3ximo proyecto promocional<\/h2><\/div><p class=\"uagb-ifb-desc\">Solicita m\u00e1s informaci\u00f3n sobre nuestros servicios y c\u00f3mo podemos ayudarte a destacar tu marca en el mercado.<\/p><div class=\"uagb-ifb-button-wrapper wp-block-button\"><a href=\"\/en\/contact\/\" class=\"uagb-infobox-cta-link wp-block-button__link\" target=\"_self\" rel=\"noopener noreferrer\" onclick=\"return true;\"><span class=\"uagb-inline-editing\">Pide presupuesto<\/span><\/a><\/div><\/div><\/div>\n<\/div><\/div>","protected":false},"excerpt":{"rendered":"<p>Descubre Qui\u00e9nes somos y qu\u00e9 hacemos en Merchan Studio Acerca de nosotros Especialistas en merchandising y regalos promocionales Nuestros valores [&hellip;]<\/p>","protected":false},"author":2,"featured_media":0,"parent":0,"menu_order":0,"comment_status":"closed","ping_status":"closed","template":"","meta":{"_uag_custom_page_level_css":"","site-sidebar-layout":"default","site-content-layout":"","ast-site-content-layout":"default","site-content-style":"default","site-sidebar-style":"default","ast-global-header-display":"","ast-banner-title-visibility":"","ast-main-header-display":"","ast-hfb-above-header-display":"","ast-hfb-below-header-display":"","ast-hfb-mobile-header-display":"","site-post-title":"disabled","ast-breadcrumbs-content":"","ast-featured-img":"","footer-sml-layout":"","ast-disable-related-posts":"","theme-transparent-header-meta":"","adv-header-id-meta":"","stick-header-meta":"","header-above-stick-meta":"","header-main-stick-meta":"","header-below-stick-meta":"","astra-migrate-meta-layouts":"default","ast-page-background-enabled":"default","ast-page-background-meta":{"desktop":{"background-color":"var(--ast-global-color-4)","background-image":"","background-repeat":"repeat","background-position":"center center","background-size":"auto","background-attachment":"scroll","background-type":"","background-media":"","overlay-type":"","overlay-color":"","overlay-opacity":"","overlay-gradient":""},"tablet":{"background-color":"","background-image":"","background-repeat":"repeat","background-position":"center center","background-size":"auto","background-attachment":"scroll","background-type":"","background-media":"","overlay-type":"","overlay-color":"","overlay-opacity":"","overlay-gradient":""},"mobile":{"background-color":"","background-image":"","background-repeat":"repeat","background-position":"center center","background-size":"auto","background-attachment":"scroll","background-type":"","background-media":"","overlay-type":"","overlay-color":"","overlay-opacity":"","overlay-gradient":""}},"ast-content-background-meta":{"desktop":{"background-color":"var(--ast-global-color-5)","background-image":"","background-repeat":"repeat","background-position":"center center","background-size":"auto","background-attachment":"scroll","background-type":"","background-media":"","overlay-type":"","overlay-color":"","overlay-opacity":"","overlay-gradient":""},"tablet":{"background-color":"var(--ast-global-color-5)","background-image":"","background-repeat":"repeat","background-position":"center center","background-size":"auto","background-attachment":"scroll","background-type":"","background-media":"","overlay-type":"","overlay-color":"","overlay-opacity":"","overlay-gradient":""},"mobile":{"background-color":"var(--ast-global-color-5)","background-image":"","background-repeat":"repeat","background-position":"center center","background-size":"auto","background-attachment":"scroll","background-type":"","background-media":"","overlay-type":"","overlay-color":"","overlay-opacity":"","overlay-gradient":""}},"footnotes":""},"class_list":["post-292","page","type-page","status-publish","hentry"],"yoast_head":"<!-- This site is optimized with the Yoast SEO plugin v26.9 - https:\/\/yoast.com\/product\/yoast-seo-wordpress\/ -->\n<title>About - Merchan Studio<\/title>\n<meta name=\"robots\" content=\"index, follow, max-snippet:-1, max-image-preview:large, max-video-preview:-1\" \/>\n<link rel=\"canonical\" href=\"https:\/\/merchanstudio.com\/en\/about\/\" \/>\n<meta property=\"og:locale\" content=\"en_GB\" \/>\n<meta property=\"og:type\" content=\"article\" \/>\n<meta property=\"og:title\" content=\"About - Merchan Studio\" \/>\n<meta property=\"og:description\" content=\"Descubre Qui\u00e9nes somos y qu\u00e9 hacemos en Merchan Studio Acerca de nosotros Especialistas en merchandising y regalos promocionales Nuestros valores [&hellip;]\" \/>\n<meta property=\"og:url\" content=\"https:\/\/merchanstudio.com\/en\/about\/\" \/>\n<meta property=\"og:site_name\" content=\"Merchan Studio\" \/>\n<meta property=\"article:modified_time\" content=\"2025-08-01T09:18:57+00:00\" \/>\n<meta property=\"og:image\" content=\"https:\/\/merchanstudio.com\/wp-content\/uploads\/2025\/08\/21-300x240.jpg\" \/>\n<meta name=\"twitter:card\" content=\"summary_large_image\" \/>\n<meta name=\"twitter:label1\" content=\"Estimated reading time\" \/>\n\t<meta name=\"twitter:data1\" content=\"3 minutes\" \/>\n<script type=\"application\/ld+json\" class=\"yoast-schema-graph\">{\"@context\":\"https:\/\/schema.org\",\"@graph\":[{\"@type\":\"WebPage\",\"@id\":\"https:\/\/merchanstudio.com\/about\/\",\"url\":\"https:\/\/merchanstudio.com\/about\/\",\"name\":\"About - Merchan Studio\",\"isPartOf\":{\"@id\":\"https:\/\/merchanstudio.com\/#website\"},\"primaryImageOfPage\":{\"@id\":\"https:\/\/merchanstudio.com\/about\/#primaryimage\"},\"image\":{\"@id\":\"https:\/\/merchanstudio.com\/about\/#primaryimage\"},\"thumbnailUrl\":\"https:\/\/merchanstudio.com\/wp-content\/uploads\/2025\/08\/21-300x240.jpg\",\"datePublished\":\"2025-07-01T07:49:31+00:00\",\"dateModified\":\"2025-08-01T09:18:57+00:00\",\"breadcrumb\":{\"@id\":\"https:\/\/merchanstudio.com\/about\/#breadcrumb\"},\"inLanguage\":\"en-GB\",\"potentialAction\":[{\"@type\":\"ReadAction\",\"target\":[\"https:\/\/merchanstudio.com\/about\/\"]}]},{\"@type\":\"ImageObject\",\"inLanguage\":\"en-GB\",\"@id\":\"https:\/\/merchanstudio.com\/about\/#primaryimage\",\"url\":\"https:\/\/merchanstudio.com\/wp-content\/uploads\/2025\/08\/21-300x240.jpg\",\"contentUrl\":\"https:\/\/merchanstudio.com\/wp-content\/uploads\/2025\/08\/21-300x240.jpg\"},{\"@type\":\"BreadcrumbList\",\"@id\":\"https:\/\/merchanstudio.com\/about\/#breadcrumb\",\"itemListElement\":[{\"@type\":\"ListItem\",\"position\":1,\"name\":\"Portada\",\"item\":\"https:\/\/merchanstudio.com\/\"},{\"@type\":\"ListItem\",\"position\":2,\"name\":\"About\"}]},{\"@type\":\"WebSite\",\"@id\":\"https:\/\/merchanstudio.com\/#website\",\"url\":\"https:\/\/merchanstudio.com\/\",\"name\":\"Merchan Studio\",\"description\":\"\",\"potentialAction\":[{\"@type\":\"SearchAction\",\"target\":{\"@type\":\"EntryPoint\",\"urlTemplate\":\"https:\/\/merchanstudio.com\/?s={search_term_string}\"},\"query-input\":{\"@type\":\"PropertyValueSpecification\",\"valueRequired\":true,\"valueName\":\"search_term_string\"}}],\"inLanguage\":\"en-GB\"}]}<\/script>\n<!-- \/ Yoast SEO plugin. -->","yoast_head_json":{"title":"About - Merchan Studio","robots":{"index":"index","follow":"follow","max-snippet":"max-snippet:-1","max-image-preview":"max-image-preview:large","max-video-preview":"max-video-preview:-1"},"canonical":"https:\/\/merchanstudio.com\/en\/about\/","og_locale":"en_GB","og_type":"article","og_title":"About - Merchan Studio","og_description":"Descubre Qui\u00e9nes somos y qu\u00e9 hacemos en Merchan Studio Acerca de nosotros Especialistas en merchandising y regalos promocionales Nuestros valores [&hellip;]","og_url":"https:\/\/merchanstudio.com\/en\/about\/","og_site_name":"Merchan Studio","article_modified_time":"2025-08-01T09:18:57+00:00","og_image":[{"url":"https:\/\/merchanstudio.com\/wp-content\/uploads\/2025\/08\/21-300x240.jpg","type":"","width":"","height":""}],"twitter_card":"summary_large_image","twitter_misc":{"Estimated reading time":"3 minutes"},"schema":{"@context":"https:\/\/schema.org","@graph":[{"@type":"WebPage","@id":"https:\/\/merchanstudio.com\/about\/","url":"https:\/\/merchanstudio.com\/about\/","name":"About - Merchan Studio","isPartOf":{"@id":"https:\/\/merchanstudio.com\/#website"},"primaryImageOfPage":{"@id":"https:\/\/merchanstudio.com\/about\/#primaryimage"},"image":{"@id":"https:\/\/merchanstudio.com\/about\/#primaryimage"},"thumbnailUrl":"https:\/\/merchanstudio.com\/wp-content\/uploads\/2025\/08\/21-300x240.jpg","datePublished":"2025-07-01T07:49:31+00:00","dateModified":"2025-08-01T09:18:57+00:00","breadcrumb":{"@id":"https:\/\/merchanstudio.com\/about\/#breadcrumb"},"inLanguage":"en-GB","potentialAction":[{"@type":"ReadAction","target":["https:\/\/merchanstudio.com\/about\/"]}]},{"@type":"ImageObject","inLanguage":"en-GB","@id":"https:\/\/merchanstudio.com\/about\/#primaryimage","url":"https:\/\/merchanstudio.com\/wp-content\/uploads\/2025\/08\/21-300x240.jpg","contentUrl":"https:\/\/merchanstudio.com\/wp-content\/uploads\/2025\/08\/21-300x240.jpg"},{"@type":"BreadcrumbList","@id":"https:\/\/merchanstudio.com\/about\/#breadcrumb","itemListElement":[{"@type":"ListItem","position":1,"name":"Portada","item":"https:\/\/merchanstudio.com\/"},{"@type":"ListItem","position":2,"name":"About"}]},{"@type":"WebSite","@id":"https:\/\/merchanstudio.com\/#website","url":"https:\/\/merchanstudio.com\/","name":"Merchan Studio","description":"","potentialAction":[{"@type":"SearchAction","target":{"@type":"EntryPoint","urlTemplate":"https:\/\/merchanstudio.com\/?s={search_term_string}"},"query-input":{"@type":"PropertyValueSpecification","valueRequired":true,"valueName":"search_term_string"}}],"inLanguage":"en-GB"}]}},"uagb_featured_image_src":{"full":false,"thumbnail":false,"medium":false,"medium_large":false,"large":false,"1536x1536":false,"2048x2048":false,"trp-custom-language-flag":false},"uagb_author_info":{"display_name":"admin","author_link":"https:\/\/merchanstudio.com\/en\/author\/admin\/"},"uagb_comment_info":0,"uagb_excerpt":"Descubre Qui\u00e9nes somos y qu\u00e9 hacemos en Merchan Studio Acerca de nosotros Especialistas en merchandising y regalos promocionales Nuestros valores [&hellip;]","_links":{"self":[{"href":"https:\/\/merchanstudio.com\/en\/wp-json\/wp\/v2\/pages\/292","targetHints":{"allow":["GET"]}}],"collection":[{"href":"https:\/\/merchanstudio.com\/en\/wp-json\/wp\/v2\/pages"}],"about":[{"href":"https:\/\/merchanstudio.com\/en\/wp-json\/wp\/v2\/types\/page"}],"author":[{"embeddable":true,"href":"https:\/\/merchanstudio.com\/en\/wp-json\/wp\/v2\/users\/2"}],"replies":[{"embeddable":true,"href":"https:\/\/merchanstudio.com\/en\/wp-json\/wp\/v2\/comments?post=292"}],"version-history":[{"count":6,"href":"https:\/\/merchanstudio.com\/en\/wp-json\/wp\/v2\/pages\/292\/revisions"}],"predecessor-version":[{"id":1179,"href":"https:\/\/merchanstudio.com\/en\/wp-json\/wp\/v2\/pages\/292\/revisions\/1179"}],"wp:attachment":[{"href":"https:\/\/merchanstudio.com\/en\/wp-json\/wp\/v2\/media?parent=292"}],"curies":[{"name":"wp","href":"https:\/\/api.w.org\/{rel}","templated":true}]}}